{"id":148,"date":"2025-11-05T15:58:08","date_gmt":"2025-11-05T15:58:08","guid":{"rendered":"https:\/\/nomosconsult.dk\/?page_id=148"},"modified":"2025-11-07T09:48:00","modified_gmt":"2025-11-07T09:48:00","slug":"om-os","status":"publish","type":"page","link":"https:\/\/nomosconsult.dk\/?page_id=148","title":{"rendered":"Om os"},"content":{"rendered":"\n<div class=\"wp-block-group alignwide is-style-default has-global-padding is-content-justification-center is-layout-constrained wp-container-core-group-is-layout-511129b7 wp-block-group-is-layout-constrained\" style=\"padding-top:0;padding-bottom:0\">\n<div class=\"wp-block-columns alignwide is-layout-flex wp-container-core-columns-is-layout-28f84493 wp-block-columns-is-layout-flex\">\n<div class=\"wp-block-column is-style-default is-layout-flow wp-block-column-is-layout-flow\">\n<figure class=\"wp-block-image alignwide size-large\" style=\"margin-top:var(--wp--preset--spacing--30);margin-bottom:var(--wp--preset--spacing--30)\"><img loading=\"lazy\" decoding=\"async\" width=\"1024\" height=\"703\" src=\"https:\/\/nomosconsult.dk\/wp-content\/uploads\/2025\/11\/welding-9370143_1920-2-1024x703.jpg\" alt=\"\" class=\"wp-image-180\" srcset=\"https:\/\/nomosconsult.dk\/wp-content\/uploads\/2025\/11\/welding-9370143_1920-2-1024x703.jpg 1024w, https:\/\/nomosconsult.dk\/wp-content\/uploads\/2025\/11\/welding-9370143_1920-2-300x206.jpg 300w, https:\/\/nomosconsult.dk\/wp-content\/uploads\/2025\/11\/welding-9370143_1920-2-768x528.jpg 768w, https:\/\/nomosconsult.dk\/wp-content\/uploads\/2025\/11\/welding-9370143_1920-2-1536x1055.jpg 1536w, https:\/\/nomosconsult.dk\/wp-content\/uploads\/2025\/11\/welding-9370143_1920-2.jpg 1920w\" sizes=\"auto, (max-width: 1024px) 100vw, 1024px\" \/><\/figure>\n<\/div>\n\n\n\n<div class=\"wp-block-column is-layout-flow wp-block-column-is-layout-flow\">\n<div class=\"wp-block-group alignwide is-layout-flow wp-block-group-is-layout-flow\" style=\"border-top-style:none;border-top-width:0px;padding-top:var(--wp--preset--spacing--30);padding-right:0;padding-bottom:var(--wp--preset--spacing--30);padding-left:0\">\n<h1 class=\"wp-block-heading alignwide\">Om os<\/h1>\n\n\n\n<p class=\"has-text-align-left is-style-default has-medium-font-size\">Nomos\u00a0Consult er en r\u00e5dgivende ingeni\u00f8rvirksomhed\u00a0med speciale i\u00a0EU- og national lovgivning\u00a0om produkter\u00a0med s\u00e6rligt fokus p\u00e5\u00a0Trykudstyrsdirektivet\/PED 2014\/68\/EU.<\/p>\n\n\n\n<p class=\"has-text-align-left is-style-default has-medium-font-size\">Vi\u00a0kan hj\u00e6lpe\u00a0dig\u00a0med at skabe overblik over hvilken lovgivning, der er g\u00e6ldende for dit produkt og\u00a0klarl\u00e6gge,\u00a0hvordan dit produkt\u00a0kommer til at stemme overens med\u00a0de\u00a0relevante krav.<\/p>\n\n\n\n<p class=\"has-text-align-left is-style-default has-medium-font-size\">St\u00e5r du med et trykb\u00e6rende udstyr, en maskine eller et helt tredje produkt, hvor du har brug for at f\u00e5 et overblik over kravene, s\u00e5 er du velkommen til at kontakte os for en indledende samtale.<\/p>\n<\/div>\n<\/div>\n<\/div>\n<\/div>\n","protected":false},"excerpt":{"rendered":"<p>Om os Nomos\u00a0Consult er en r\u00e5dgivende ingeni\u00f8rvirksomhed\u00a0med speciale i\u00a0EU- og national lovgivning\u00a0om produkter\u00a0med s\u00e6rligt fokus p\u00e5\u00a0Trykudstyrsdirektivet\/PED 2014\/68\/EU. Vi\u00a0kan hj\u00e6lpe\u00a0dig\u00a0med at skabe overblik over hvilken lovgivning, der er g\u00e6ldende for dit produkt og\u00a0klarl\u00e6gge,\u00a0hvordan dit produkt\u00a0kommer til at stemme overens med\u00a0de\u00a0relevante krav. St\u00e5r du med et trykb\u00e6rende udstyr, en maskine eller et helt tredje produkt, hvor du [&hellip;]<\/p>\n","protected":false},"author":1,"featured_media":180,"parent":0,"menu_order":0,"comment_status":"closed","ping_status":"closed","template":"wp-custom-template-blank-side-med-sidehoved-og-sidefod","meta":{"footnotes":""},"class_list":["post-148","page","type-page","status-publish","has-post-thumbnail","hentry"],"_links":{"self":[{"href":"https:\/\/nomosconsult.dk\/index.php?rest_route=\/wp\/v2\/pages\/148","targetHints":{"allow":["GET"]}}],"collection":[{"href":"https:\/\/nomosconsult.dk\/index.php?rest_route=\/wp\/v2\/pages"}],"about":[{"href":"https:\/\/nomosconsult.dk\/index.php?rest_route=\/wp\/v2\/types\/page"}],"author":[{"embeddable":true,"href":"https:\/\/nomosconsult.dk\/index.php?rest_route=\/wp\/v2\/users\/1"}],"replies":[{"embeddable":true,"href":"https:\/\/nomosconsult.dk\/index.php?rest_route=%2Fwp%2Fv2%2Fcomments&post=148"}],"version-history":[{"count":23,"href":"https:\/\/nomosconsult.dk\/index.php?rest_route=\/wp\/v2\/pages\/148\/revisions"}],"predecessor-version":[{"id":275,"href":"https:\/\/nomosconsult.dk\/index.php?rest_route=\/wp\/v2\/pages\/148\/revisions\/275"}],"wp:featuredmedia":[{"embeddable":true,"href":"https:\/\/nomosconsult.dk\/index.php?rest_route=\/wp\/v2\/media\/180"}],"wp:attachment":[{"href":"https:\/\/nomosconsult.dk\/index.php?rest_route=%2Fwp%2Fv2%2Fmedia&parent=148"}],"curies":[{"name":"wp","href":"https:\/\/api.w.org\/{rel}","templated":true}]}}